{"id":1735,"date":"2022-01-24T21:22:02","date_gmt":"2022-01-24T20:22:02","guid":{"rendered":"https:\/\/wordpress.vecurosoft.com\/kundax\/?page_id=1735"},"modified":"2025-12-28T13:22:12","modified_gmt":"2025-12-28T13:22:12","slug":"contacto","status":"publish","type":"page","link":"https:\/\/viviendoactivamente.com\/index.php\/contacto\/","title":{"rendered":"Contacto"},"content":{"rendered":"\t\t<div data-elementor-type=\"wp-page\" data-elementor-id=\"1735\" class=\"elementor elementor-1735\">\n\t\t\t\t<div class=\"elementor-element elementor-element-d4a227d e-flex e-con-boxed e-con e-parent\" data-id=\"d4a227d\" data-element_type=\"container\" data-e-type=\"container\">\n\t\t\t\t\t<div class=\"e-con-inner\">\n\t\t\t\t<div class=\"elementor-element elementor-element-413b272 elementor-widget elementor-widget-image\" data-id=\"413b272\" data-element_type=\"widget\" data-e-type=\"widget\" data-widget_type=\"image.default\">\n\t\t\t\t\t\t\t\t\t\t\t\t\t\t\t<img fetchpriority=\"high\" decoding=\"async\" width=\"751\" height=\"501\" src=\"https:\/\/viviendoactivamente.com\/wp-content\/uploads\/2025\/05\/ChatGPT-Image-May-26-2025-06_03_14-PM.webp\" class=\"attachment-large size-large wp-image-4856\" alt=\"\" srcset=\"https:\/\/viviendoactivamente.com\/wp-content\/uploads\/2025\/05\/ChatGPT-Image-May-26-2025-06_03_14-PM.webp 1536w, https:\/\/viviendoactivamente.com\/wp-content\/uploads\/2025\/05\/ChatGPT-Image-May-26-2025-06_03_14-PM-300x200.webp 300w\" sizes=\"(max-width: 751px) 100vw, 751px\" \/>\t\t\t\t\t\t\t\t\t\t\t\t\t\t\t<\/div>\n\t\t\t\t\t<\/div>\n\t\t\t\t<\/div>\n\t\t\t\t<section class=\"elementor-section elementor-top-section elementor-element elementor-element-c0c0ea3 elementor-section-boxed elementor-section-height-default elementor-section-height-default\" data-id=\"c0c0ea3\" data-element_type=\"section\" data-e-type=\"section\">\n\t\t\t\t\t\t<div class=\"elementor-container elementor-column-gap-no\">\n\t\t\t\t\t<div class=\"elementor-column elementor-col-100 elementor-top-column elementor-element elementor-element-03fa6e9\" data-id=\"03fa6e9\" data-element_type=\"column\" data-e-type=\"column\">\n\t\t\t<div class=\"elementor-widget-wrap elementor-element-populated\">\n\t\t\t\t\t\t<section class=\"elementor-section elementor-inner-section elementor-element elementor-element-8f775e3 elementor-section-full_width elementor-section-height-default elementor-section-height-default\" data-id=\"8f775e3\" data-element_type=\"section\" data-e-type=\"section\">\n\t\t\t\t\t\t<div class=\"elementor-container elementor-column-gap-no\">\n\t\t\t\t\t<div class=\"elementor-column elementor-col-50 elementor-inner-column elementor-element elementor-element-c9d7be6\" data-id=\"c9d7be6\" data-element_type=\"column\" data-e-type=\"column\">\n\t\t\t<div class=\"elementor-widget-wrap elementor-element-populated\">\n\t\t\t\t\t\t<div class=\"elementor-element elementor-element-b00209a elementor-widget elementor-widget-kundaxappointmentwidget\" data-id=\"b00209a\" data-element_type=\"widget\" data-e-type=\"widget\" data-widget_type=\"kundaxappointmentwidget.default\">\n\t\t\t\t<div class=\"elementor-widget-container\">\n\t\t\t\t\t<!-----------------------Start Appointment Area-----------------------><div class=\"contact-form-box\"><h2 class=\"contact-title\">Cont\u00e1ctenos o para Auspiciador de Eventos<\/h2><p class=\"mb-35\">En ActivaMente creemos que la alegr\u00eda, el bienestar y el prop\u00f3sito no tienen edad. Somos una iniciativa vibrante que crea experiencias llenas de vida para adultos mayores y sus familias, a trav\u00e9s de actividades que incluyen juegos, m\u00fasica, talleres creativos, charlas educativas, rifas y mucho m\u00e1s.\n\n\nCada uno de nuestros encuentros est\u00e1 dise\u00f1ado para inspirar, unir generaciones y construir una comunidad fuerte, activa y llena de significado.\n\nYa sea que seas un familiar buscando momentos especiales para tus seres queridos, o una empresa con visi\u00f3n social interesada en apoyar programas comunitarios, en ActivaMente tu participaci\u00f3n marca una verdadera diferencia. Estamos aqu\u00ed para colaborar, conectar y servir juntos.<\/p><div class=\"contact-form\">\n<div class=\"wpcf7 no-js\" id=\"wpcf7-f1734-o1\" lang=\"en-US\" dir=\"ltr\" data-wpcf7-id=\"1734\">\n<div class=\"screen-reader-response\"><p role=\"status\" aria-live=\"polite\" aria-atomic=\"true\"><\/p> <ul><\/ul><\/div>\n<form action=\"\/index.php\/wp-json\/wp\/v2\/pages\/1735#wpcf7-f1734-o1\" method=\"post\" class=\"wpcf7-form init\" aria-label=\"Contact form\" novalidate=\"novalidate\" data-status=\"init\">\n<fieldset class=\"hidden-fields-container\"><input type=\"hidden\" name=\"_wpcf7\" value=\"1734\" \/><input type=\"hidden\" name=\"_wpcf7_version\" value=\"6.1.5\" \/><input type=\"hidden\" name=\"_wpcf7_locale\" value=\"en_US\" \/><input type=\"hidden\" name=\"_wpcf7_unit_tag\" value=\"wpcf7-f1734-o1\" \/><input type=\"hidden\" name=\"_wpcf7_container_post\" value=\"0\" \/><input type=\"hidden\" name=\"_wpcf7_posted_data_hash\" value=\"\" \/>\n<\/fieldset>\n<div class=\"row\">\n<div class=\"form-group col-12\"><label for=\"text-996\" class=\"form-label\">Nombre*<\/label> <span class=\"wpcf7-form-control-wrap\" data-name=\"text-996\"><input size=\"40\" maxlength=\"400\" class=\"wpcf7-form-control wpcf7-text wpcf7-validates-as-required form-control\" id=\"text-996\" aria-required=\"true\" aria-invalid=\"false\" placeholder=\"David L\u00f3pez (ejemplo)...\" value=\"\" type=\"text\" name=\"text-996\" \/><\/span><\/div><div class=\"form-group col-12\"><label for=\"email-917\" class=\"form-label\">Correo Electr\u00f3nico*<\/label><span class=\"wpcf7-form-control-wrap\" data-name=\"email-917\"><input size=\"40\" maxlength=\"400\" class=\"wpcf7-form-control wpcf7-email wpcf7-validates-as-required wpcf7-text wpcf7-validates-as-email form-control\" id=\"email-917\" aria-required=\"true\" aria-invalid=\"false\" placeholder=\"info@viviendoactivamente.com (ejemplo)\" value=\"\" type=\"email\" name=\"email-917\" \/><\/span><\/div><div class=\"form-group col-12\"><label for=\"select-750\" class=form-label\">Selecciones una de las siguientes opciones*<\/label> <span class=\"wpcf7-form-control-wrap\" data-name=\"select-750\"><select class=\"wpcf7-form-control wpcf7-select\" aria-invalid=\"false\" name=\"select-750\"><option value=\"Eventos\">Eventos<\/option><option value=\"Auspiciador\">Auspiciador<\/option><option value=\"Otros\">Otros<\/option><\/select><\/span><\/div><div class=\"form-group col-12\"><label for=\"textarea-296\" class=\"form-label\">Mensaje*<\/label><span class=\"wpcf7-form-control-wrap\" data-name=\"textarea-296\"><textarea cols=\"40\" rows=\"10\" maxlength=\"2000\" class=\"wpcf7-form-control wpcf7-textarea form-control\" id=\"textarea-296\" aria-invalid=\"false\" placeholder=\"Describa lo que desea preguntar o solicitar\" name=\"textarea-296\"><\/textarea><\/span><\/div><div class=\"form-group col-12 mb-0\"><button type=\"submit\" class=\"vs-btn wave-btn\">Enviar<\/button><\/div>\n<\/div><p class=\"form-messages mb-0 mt-3\"><\/p><div class=\"wpcf7-response-output\" aria-hidden=\"true\"><\/div>\n<\/form>\n<\/div>\n<\/div><\/div><!-----------------------End Appointment Area----------------------->\t\t\t\t<\/div>\n\t\t\t\t<\/div>\n\t\t\t\t\t<\/div>\n\t\t<\/div>\n\t\t\t\t<div class=\"elementor-column elementor-col-50 elementor-inner-column elementor-element elementor-element-50199d4\" data-id=\"50199d4\" data-element_type=\"column\" data-e-type=\"column\">\n\t\t\t<div class=\"elementor-widget-wrap elementor-element-populated\">\n\t\t\t\t\t\t<div class=\"elementor-element elementor-element-ab59153 elementor-widget elementor-widget-kundaxcontactinfowidget\" data-id=\"ab59153\" data-element_type=\"widget\" data-e-type=\"widget\" data-widget_type=\"kundaxcontactinfowidget.default\">\n\t\t\t\t<div class=\"elementor-widget-container\">\n\t\t\t\t\t<!-----------------------Start Contact Informations-----------------------><div class=\"contact-info-box\"><h2 class=\"contact-title\">Nuestra Informaci\u00f3n<\/h2><div class=\"info-media\"><div class=\"media-icon\"><img decoding=\"async\" src=\"https:\/\/wordpress.vecurosoft.com\/knirpse\/wp-content\/uploads\/2023\/03\/location.png\" alt=\"location\"  \/><\/div><div class=\"media-body\"><h4 class=\"info-title\">Direccion:<\/h4><p class=\"info-text\">Volusia County, FL<\/p><\/div><\/div><div class=\"info-media\"><div class=\"media-icon\"><img decoding=\"async\" src=\"https:\/\/wordpress.vecurosoft.com\/knirpse\/wp-content\/uploads\/2023\/03\/phone.png\" alt=\"phone\"  \/><\/div><div class=\"media-body\"><h4 class=\"info-title\">Tel\u00e1fono:<\/h4><p class=\"info-text\"><a href=\"tel:3863430574\">386-343-0574<\/a> (or) <a href=\"tel:3863449029\">386-344-9029<\/a><\/p><\/div><\/div><div class=\"info-media\"><div class=\"media-icon\"><img decoding=\"async\" src=\"https:\/\/wordpress.vecurosoft.com\/knirpse\/wp-content\/uploads\/2023\/03\/email.png\" alt=\"email\"  \/><\/div><div class=\"media-body\"><h4 class=\"info-title\">Mail info:<\/h4><p class=\"info-text\"><a href=\"mailto:Info@viviendoactivamente.com\">Info@viviendoactivamente.com<\/a> <\/div><\/div><div class=\"contact-location\"><iframe src=\"https:\/\/www.google.com\/maps\/embed?pb=!1m18!1m12!1m3!1d529722.2286631506!2d-81.79601878874284!3d29.02172205145498!2m3!1f0!2f0!3f0!3m2!1i1024!2i768!4f13.1!3m3!1m2!1s0x88e705c23e90a09d%3A0xdccff6dc317e577d!2sCondado%20de%20Volusia%2C%20Florida!5e1!3m2!1ses-419!2sus!4v1746892505179!5m2!1ses-419!2sus\" allowfullscreen=\"\" loading=\"lazy\"><\/iframe><\/div><\/div><!-----------------------End Contact Informations----------------------->\t\t\t\t<\/div>\n\t\t\t\t<\/div>\n\t\t<div class=\"elementor-element elementor-element-63dedaa e-con-full e-flex e-con e-child\" data-id=\"63dedaa\" data-element_type=\"container\" data-e-type=\"container\">\n\t\t\t\t<div class=\"elementor-element elementor-element-46e2a60 elementor-shape-circle elementor-grid-0 e-grid-align-center elementor-widget elementor-widget-social-icons\" data-id=\"46e2a60\" data-element_type=\"widget\" data-e-type=\"widget\" data-widget_type=\"social-icons.default\">\n\t\t\t\t\t\t\t<div class=\"elementor-social-icons-wrapper elementor-grid\" role=\"list\">\n\t\t\t\t\t\t\t<span class=\"elementor-grid-item\" role=\"listitem\">\n\t\t\t\t\t<a class=\"elementor-icon elementor-social-icon elementor-social-icon-whatsapp elementor-repeater-item-d2d70a8\" href=\"https:\/\/wa.me\/13863430574\" target=\"_blank\">\n\t\t\t\t\t\t<span class=\"elementor-screen-only\">Whatsapp<\/span>\n\t\t\t\t\t\t<svg aria-hidden=\"true\" class=\"e-font-icon-svg e-fab-whatsapp\" viewBox=\"0 0 448 512\" xmlns=\"http:\/\/www.w3.org\/2000\/svg\"><path d=\"M380.9 97.1C339 55.1 283.2 32 223.9 32c-122.4 0-222 99.6-222 222 0 39.1 10.2 77.3 29.6 111L0 480l117.7-30.9c32.4 17.7 68.9 27 106.1 27h.1c122.3 0 224.1-99.6 224.1-222 0-59.3-25.2-115-67.1-157zm-157 341.6c-33.2 0-65.7-8.9-94-25.7l-6.7-4-69.8 18.3L72 359.2l-4.4-7c-18.5-29.4-28.2-63.3-28.2-98.2 0-101.7 82.8-184.5 184.6-184.5 49.3 0 95.6 19.2 130.4 54.1 34.8 34.9 56.2 81.2 56.1 130.5 0 101.8-84.9 184.6-186.6 184.6zm101.2-138.2c-5.5-2.8-32.8-16.2-37.9-18-5.1-1.9-8.8-2.8-12.5 2.8-3.7 5.6-14.3 18-17.6 21.8-3.2 3.7-6.5 4.2-12 1.4-32.6-16.3-54-29.1-75.5-66-5.7-9.8 5.7-9.1 16.3-30.3 1.8-3.7.9-6.9-.5-9.7-1.4-2.8-12.5-30.1-17.1-41.2-4.5-10.8-9.1-9.3-12.5-9.5-3.2-.2-6.9-.2-10.6-.2-3.7 0-9.7 1.4-14.8 6.9-5.1 5.6-19.4 19-19.4 46.3 0 27.3 19.9 53.7 22.6 57.4 2.8 3.7 39.1 59.7 94.8 83.8 35.2 15.2 49 16.5 66.6 13.9 10.7-1.6 32.8-13.4 37.4-26.4 4.6-13 4.6-24.1 3.2-26.4-1.3-2.5-5-3.9-10.5-6.6z\"><\/path><\/svg>\t\t\t\t\t<\/a>\n\t\t\t\t<\/span>\n\t\t\t\t\t\t\t<span class=\"elementor-grid-item\" role=\"listitem\">\n\t\t\t\t\t<a class=\"elementor-icon elementor-social-icon elementor-social-icon-facebook elementor-repeater-item-65efbc1\" href=\"https:\/\/www.facebook.com\/viviendoactivamente\" target=\"_blank\">\n\t\t\t\t\t\t<span class=\"elementor-screen-only\">Facebook<\/span>\n\t\t\t\t\t\t<svg aria-hidden=\"true\" class=\"e-font-icon-svg e-fab-facebook\" viewBox=\"0 0 512 512\" xmlns=\"http:\/\/www.w3.org\/2000\/svg\"><path d=\"M504 256C504 119 393 8 256 8S8 119 8 256c0 123.78 90.69 226.38 209.25 245V327.69h-63V256h63v-54.64c0-62.15 37-96.48 93.67-96.48 27.14 0 55.52 4.84 55.52 4.84v61h-31.28c-30.8 0-40.41 19.12-40.41 38.73V256h68.78l-11 71.69h-57.78V501C413.31 482.38 504 379.78 504 256z\"><\/path><\/svg>\t\t\t\t\t<\/a>\n\t\t\t\t<\/span>\n\t\t\t\t\t\t\t<span class=\"elementor-grid-item\" role=\"listitem\">\n\t\t\t\t\t<a class=\"elementor-icon elementor-social-icon elementor-social-icon-instagram elementor-repeater-item-5315660\" href=\"https:\/\/www.instagram.com\/viviendoactivamente\" target=\"_blank\">\n\t\t\t\t\t\t<span class=\"elementor-screen-only\">Instagram<\/span>\n\t\t\t\t\t\t<svg aria-hidden=\"true\" class=\"e-font-icon-svg e-fab-instagram\" viewBox=\"0 0 448 512\" xmlns=\"http:\/\/www.w3.org\/2000\/svg\"><path d=\"M224.1 141c-63.6 0-114.9 51.3-114.9 114.9s51.3 114.9 114.9 114.9S339 319.5 339 255.9 287.7 141 224.1 141zm0 189.6c-41.1 0-74.7-33.5-74.7-74.7s33.5-74.7 74.7-74.7 74.7 33.5 74.7 74.7-33.6 74.7-74.7 74.7zm146.4-194.3c0 14.9-12 26.8-26.8 26.8-14.9 0-26.8-12-26.8-26.8s12-26.8 26.8-26.8 26.8 12 26.8 26.8zm76.1 27.2c-1.7-35.9-9.9-67.7-36.2-93.9-26.2-26.2-58-34.4-93.9-36.2-37-2.1-147.9-2.1-184.9 0-35.8 1.7-67.6 9.9-93.9 36.1s-34.4 58-36.2 93.9c-2.1 37-2.1 147.9 0 184.9 1.7 35.9 9.9 67.7 36.2 93.9s58 34.4 93.9 36.2c37 2.1 147.9 2.1 184.9 0 35.9-1.7 67.7-9.9 93.9-36.2 26.2-26.2 34.4-58 36.2-93.9 2.1-37 2.1-147.8 0-184.8zM398.8 388c-7.8 19.6-22.9 34.7-42.6 42.6-29.5 11.7-99.5 9-132.1 9s-102.7 2.6-132.1-9c-19.6-7.8-34.7-22.9-42.6-42.6-11.7-29.5-9-99.5-9-132.1s-2.6-102.7 9-132.1c7.8-19.6 22.9-34.7 42.6-42.6 29.5-11.7 99.5-9 132.1-9s102.7-2.6 132.1 9c19.6 7.8 34.7 22.9 42.6 42.6 11.7 29.5 9 99.5 9 132.1s2.7 102.7-9 132.1z\"><\/path><\/svg>\t\t\t\t\t<\/a>\n\t\t\t\t<\/span>\n\t\t\t\t\t\t\t<span class=\"elementor-grid-item\" role=\"listitem\">\n\t\t\t\t\t<a class=\"elementor-icon elementor-social-icon elementor-social-icon-youtube elementor-repeater-item-deb197e\" href=\"https:\/\/www.youtube.com\/viviendoactivamente\" target=\"_blank\">\n\t\t\t\t\t\t<span class=\"elementor-screen-only\">Youtube<\/span>\n\t\t\t\t\t\t<svg aria-hidden=\"true\" class=\"e-font-icon-svg e-fab-youtube\" viewBox=\"0 0 576 512\" xmlns=\"http:\/\/www.w3.org\/2000\/svg\"><path d=\"M549.655 124.083c-6.281-23.65-24.787-42.276-48.284-48.597C458.781 64 288 64 288 64S117.22 64 74.629 75.486c-23.497 6.322-42.003 24.947-48.284 48.597-11.412 42.867-11.412 132.305-11.412 132.305s0 89.438 11.412 132.305c6.281 23.65 24.787 41.5 48.284 47.821C117.22 448 288 448 288 448s170.78 0 213.371-11.486c23.497-6.321 42.003-24.171 48.284-47.821 11.412-42.867 11.412-132.305 11.412-132.305s0-89.438-11.412-132.305zm-317.51 213.508V175.185l142.739 81.205-142.739 81.201z\"><\/path><\/svg>\t\t\t\t\t<\/a>\n\t\t\t\t<\/span>\n\t\t\t\t\t\t\t<span class=\"elementor-grid-item\" role=\"listitem\">\n\t\t\t\t\t<a class=\"elementor-icon elementor-social-icon elementor-social-icon-tiktok elementor-repeater-item-495a6fa\" href=\"https:\/\/www.tiktok.com\/viviendoactivamente\" target=\"_blank\">\n\t\t\t\t\t\t<span class=\"elementor-screen-only\">Tiktok<\/span>\n\t\t\t\t\t\t<svg aria-hidden=\"true\" class=\"e-font-icon-svg e-fab-tiktok\" viewBox=\"0 0 448 512\" xmlns=\"http:\/\/www.w3.org\/2000\/svg\"><path d=\"M448,209.91a210.06,210.06,0,0,1-122.77-39.25V349.38A162.55,162.55,0,1,1,185,188.31V278.2a74.62,74.62,0,1,0,52.23,71.18V0l88,0a121.18,121.18,0,0,0,1.86,22.17h0A122.18,122.18,0,0,0,381,102.39a121.43,121.43,0,0,0,67,20.14Z\"><\/path><\/svg>\t\t\t\t\t<\/a>\n\t\t\t\t<\/span>\n\t\t\t\t\t\t\t<span class=\"elementor-grid-item\" role=\"listitem\">\n\t\t\t\t\t<a class=\"elementor-icon elementor-social-icon elementor-social-icon-x-twitter elementor-repeater-item-8081647\" href=\"https:\/\/www.twitter.com\/viviendoactivamente\" target=\"_blank\">\n\t\t\t\t\t\t<span class=\"elementor-screen-only\">X-twitter<\/span>\n\t\t\t\t\t\t<svg aria-hidden=\"true\" class=\"e-font-icon-svg e-fab-x-twitter\" viewBox=\"0 0 512 512\" xmlns=\"http:\/\/www.w3.org\/2000\/svg\"><path d=\"M389.2 48h70.6L305.6 224.2 487 464H345L233.7 318.6 106.5 464H35.8L200.7 275.5 26.8 48H172.4L272.9 180.9 389.2 48zM364.4 421.8h39.1L151.1 88h-42L364.4 421.8z\"><\/path><\/svg>\t\t\t\t\t<\/a>\n\t\t\t\t<\/span>\n\t\t\t\t\t\t\t<span class=\"elementor-grid-item\" role=\"listitem\">\n\t\t\t\t\t<a class=\"elementor-icon elementor-social-icon elementor-social-icon-linkedin elementor-repeater-item-16299f1\" href=\"https:\/\/www.linkedin.com\/company\/activamentellc\" target=\"_blank\">\n\t\t\t\t\t\t<span class=\"elementor-screen-only\">Linkedin<\/span>\n\t\t\t\t\t\t<svg aria-hidden=\"true\" class=\"e-font-icon-svg e-fab-linkedin\" viewBox=\"0 0 448 512\" xmlns=\"http:\/\/www.w3.org\/2000\/svg\"><path d=\"M416 32H31.9C14.3 32 0 46.5 0 64.3v383.4C0 465.5 14.3 480 31.9 480H416c17.6 0 32-14.5 32-32.3V64.3c0-17.8-14.4-32.3-32-32.3zM135.4 416H69V202.2h66.5V416zm-33.2-243c-21.3 0-38.5-17.3-38.5-38.5S80.9 96 102.2 96c21.2 0 38.5 17.3 38.5 38.5 0 21.3-17.2 38.5-38.5 38.5zm282.1 243h-66.4V312c0-24.8-.5-56.7-34.5-56.7-34.6 0-39.9 27-39.9 54.9V416h-66.4V202.2h63.7v29.2h.9c8.9-16.8 30.6-34.5 62.9-34.5 67.2 0 79.7 44.3 79.7 101.9V416z\"><\/path><\/svg>\t\t\t\t\t<\/a>\n\t\t\t\t<\/span>\n\t\t\t\t\t<\/div>\n\t\t\t\t\t\t<\/div>\n\t\t\t\t<\/div>\n\t\t\t\t<div class=\"elementor-element elementor-element-62f06c5 elementor-widget elementor-widget-image\" data-id=\"62f06c5\" data-element_type=\"widget\" data-e-type=\"widget\" data-widget_type=\"image.default\">\n\t\t\t\t\t\t\t\t\t\t\t\t\t\t\t<img decoding=\"async\" width=\"150\" height=\"150\" src=\"https:\/\/viviendoactivamente.com\/wp-content\/uploads\/2025\/05\/ActivaMente_Logo_Enhanced_600DPI-150x150.png\" class=\"attachment-thumbnail size-thumbnail wp-image-4879\" alt=\"\" srcset=\"https:\/\/viviendoactivamente.com\/wp-content\/uploads\/2025\/05\/ActivaMente_Logo_Enhanced_600DPI-150x150.png 150w, https:\/\/viviendoactivamente.com\/wp-content\/uploads\/2025\/05\/ActivaMente_Logo_Enhanced_600DPI-300x300.png 300w, https:\/\/viviendoactivamente.com\/wp-content\/uploads\/2025\/05\/ActivaMente_Logo_Enhanced_600DPI-1024x1024.webp 1024w, https:\/\/viviendoactivamente.com\/wp-content\/uploads\/2025\/05\/ActivaMente_Logo_Enhanced_600DPI-768x768.png 768w, https:\/\/viviendoactivamente.com\/wp-content\/uploads\/2025\/05\/ActivaMente_Logo_Enhanced_600DPI-60x60.webp 60w, https:\/\/viviendoactivamente.com\/wp-content\/uploads\/2025\/05\/ActivaMente_Logo_Enhanced_600DPI-1536x1536.webp 1536w, https:\/\/viviendoactivamente.com\/wp-content\/uploads\/2025\/05\/ActivaMente_Logo_Enhanced_600DPI-600x600.png 600w, https:\/\/viviendoactivamente.com\/wp-content\/uploads\/2025\/05\/ActivaMente_Logo_Enhanced_600DPI-100x100.png 100w, https:\/\/viviendoactivamente.com\/wp-content\/uploads\/2025\/05\/ActivaMente_Logo_Enhanced_600DPI-460x460.png 460w, https:\/\/viviendoactivamente.com\/wp-content\/uploads\/2025\/05\/ActivaMente_Logo_Enhanced_600DPI.webp 1920w\" sizes=\"(max-width: 150px) 100vw, 150px\" \/>\t\t\t\t\t\t\t\t\t\t\t\t\t\t\t<\/div>\n\t\t\t\t\t<\/div>\n\t\t<\/div>\n\t\t\t\t\t<\/div>\n\t\t<\/section>\n\t\t\t\t\t<\/div>\n\t\t<\/div>\n\t\t\t\t\t<\/div>\n\t\t<\/section>\n\t\t\t\t<\/div>\n\t\t","protected":false},"excerpt":{"rendered":"<p>Cont\u00e1ctenos o para Auspiciador de Eventos En ActivaMente creemos que la alegr\u00eda, el bienestar y el prop\u00f3sito no tienen edad. Somos una iniciativa vibrante que crea experiencias llenas de vida para adultos mayores y sus familias, a trav\u00e9s de actividades que incluyen juegos, m\u00fasica, talleres creativos, charlas educativas, rifas y mucho m\u00e1s. Cada uno de&#8230;<\/p>\n","protected":false},"author":1,"featured_media":4856,"parent":0,"menu_order":0,"comment_status":"closed","ping_status":"closed","template":"elementor_header_footer","meta":{"_monsterinsights_skip_tracking":false,"_monsterinsights_sitenote_active":false,"_monsterinsights_sitenote_note":"","_monsterinsights_sitenote_category":0,"_uf_show_specific_survey":0,"_uf_disable_surveys":false,"footnotes":""},"class_list":["post-1735","page","type-page","status-publish","has-post-thumbnail","hentry"],"aioseo_notices":[],"jetpack_sharing_enabled":true,"_links":{"self":[{"href":"https:\/\/viviendoactivamente.com\/index.php\/wp-json\/wp\/v2\/pages\/1735","targetHints":{"allow":["GET"]}}],"collection":[{"href":"https:\/\/viviendoactivamente.com\/index.php\/wp-json\/wp\/v2\/pages"}],"about":[{"href":"https:\/\/viviendoactivamente.com\/index.php\/wp-json\/wp\/v2\/types\/page"}],"author":[{"embeddable":true,"href":"https:\/\/viviendoactivamente.com\/index.php\/wp-json\/wp\/v2\/users\/1"}],"replies":[{"embeddable":true,"href":"https:\/\/viviendoactivamente.com\/index.php\/wp-json\/wp\/v2\/comments?post=1735"}],"version-history":[{"count":47,"href":"https:\/\/viviendoactivamente.com\/index.php\/wp-json\/wp\/v2\/pages\/1735\/revisions"}],"predecessor-version":[{"id":5767,"href":"https:\/\/viviendoactivamente.com\/index.php\/wp-json\/wp\/v2\/pages\/1735\/revisions\/5767"}],"wp:featuredmedia":[{"embeddable":true,"href":"https:\/\/viviendoactivamente.com\/index.php\/wp-json\/wp\/v2\/media\/4856"}],"wp:attachment":[{"href":"https:\/\/viviendoactivamente.com\/index.php\/wp-json\/wp\/v2\/media?parent=1735"}],"curies":[{"name":"wp","href":"https:\/\/api.w.org\/{rel}","templated":true}]}}