{"id":596,"date":"2022-01-11T17:45:09","date_gmt":"2022-01-11T16:45:09","guid":{"rendered":"https:\/\/wordpress.vecurosoft.com\/kundax\/?page_id=596"},"modified":"2025-12-28T13:23:38","modified_gmt":"2025-12-28T13:23:38","slug":"about","status":"publish","type":"page","link":"https:\/\/viviendoactivamente.com\/index.php\/about\/","title":{"rendered":"Sobre Nosotros"},"content":{"rendered":"\t\t<div data-elementor-type=\"wp-page\" data-elementor-id=\"596\" class=\"elementor elementor-596\">\n\t\t\t\t<div class=\"elementor-element elementor-element-31d412b e-flex e-con-boxed e-con e-parent\" data-id=\"31d412b\" data-element_type=\"container\" data-e-type=\"container\">\n\t\t\t\t\t<div class=\"e-con-inner\">\n\t\t\t\t\t<\/div>\n\t\t\t\t<\/div>\n\t\t\t\t<section class=\"elementor-section elementor-top-section elementor-element elementor-element-36756a0 elementor-section-full_width elementor-section-height-default elementor-section-height-default\" data-id=\"36756a0\" data-element_type=\"section\" data-e-type=\"section\">\n\t\t\t\t\t\t<div class=\"elementor-container elementor-column-gap-no\">\n\t\t\t\t\t<div class=\"elementor-column elementor-col-100 elementor-top-column elementor-element elementor-element-2a4a4e7\" data-id=\"2a4a4e7\" data-element_type=\"column\" data-e-type=\"column\">\n\t\t\t<div class=\"elementor-widget-wrap elementor-element-populated\">\n\t\t\t\t\t\t<div class=\"elementor-element elementor-element-60d02ba elementor-widget elementor-widget-kundaxaboutuswidget\" data-id=\"60d02ba\" data-element_type=\"widget\" data-e-type=\"widget\" data-widget_type=\"kundaxaboutuswidget.default\">\n\t\t\t\t<div class=\"elementor-widget-container\">\n\t\t\t\t\t<!-----------------------Start About Us Area-----------------------><div class=\"about-section space\"><div class=\"container\"><div class=\"row align-items-center gy-30\"><div class=\"col-lg-6 wow fadeInLeft\" data-wow-delay=\"0.2s\"><div class=\"img-box-2\"><img decoding=\"async\" src=\"https:\/\/viviendoactivamente.com\/wp-content\/uploads\/2025\/05\/lofo-sin-bag.jpg\" alt=\"lofo sin bag\"  \/><\/div><\/div><div class=\"col-lg-5 wow fadeInRight\" data-wow-delay=\"0.2s\"><div class=\"text-center text-lg-start\"><span class=\"sub-title\">Sobre Nosotros<\/span><h2 class=\"sec-title big-title\">Actividades para nuestros Jovenes Adultos<\/h2><p class=\"fs-md mb-30\"><h3 data-start=\"188\" data-end=\"241\"><strong data-start=\"188\" data-end=\"241\">\u2728Actividades para Nuestros J\u00f3venes Adultos Mayores<\/strong><\/h3><p data-start=\"243\" data-end=\"486\"><strong>ActivaMente<\/strong> es una iniciativa comunitaria, cristiana y familiar creada por la Familia Ortiz, con el llamado de servir y honrar a nuestros adultos mayores, en especial a la comunidad hispana y culturalmente diversa de Volusia y Florida Central.<\/p><p data-start=\"488\" data-end=\"662\">Nuestro prop\u00f3sito es brindarles un espacio biling\u00fce y culturalmente familiar donde puedan disfrutar, aprender, compartir y sentirse acompa\u00f1ados con cari\u00f1o, respeto y alegr\u00eda.<\/p><p data-start=\"664\" data-end=\"882\">Organizamos actividades mensuales como bingo, m\u00fasica, juegos, charlas educativas y de salud, din\u00e1micas recreativas y momentos de comunidad que fortalecen el bienestar f\u00edsico, emocional y espiritual de nuestros mayores.<\/p><p data-start=\"884\" data-end=\"1076\">Creemos en el poder del amor, de la fe y de la uni\u00f3n entre generaciones. Cada evento lo realizamos con dedicaci\u00f3n y entrega porque servir no es solo lo que hacemos es parte de quienes somos.<\/p><p data-start=\"1078\" data-end=\"1115\">Nuestro lema refleja nuestro coraz\u00f3n:<\/p><h3 data-start=\"1117\" data-end=\"1164\"><strong>\u2728 \"Sirviendo con amor, viviendo con prop\u00f3sito.\"<\/strong><\/h3><p data-start=\"1166\" data-end=\"1364\">En ActivaMente caminamos junto a nuestros adultos mayores para recordarles que cada d\u00eda es una oportunidad de vivir con gozo, plenitud y esperanza. Somos familia, somos comunidad, somos ActivaMente.<\/p><\/p><a href=\"https:\/\/viviendoactivamente.com\/index.php\/contact\/\" class=\"vs-btn wave-btn style-1\">Cont\u00e1ctenos<\/a><\/div><\/div><\/div><\/div><div class=\"shape-mockup rotate d-none d-md-block\" data-bottom=\"40%\" data-right=\"6%\"><img decoding=\"async\" src=\"https:\/\/viviendoactivamente.com\/wp-content\/uploads\/2022\/01\/service-3.png\" alt=\"ActivaMente\"><\/div><\/div><!-----------------------End About Us Area----------------------->\t\t\t\t<\/div>\n\t\t\t\t<\/div>\n\t\t\t\t<div class=\"elementor-element elementor-element-ac98f4e elementor-widget elementor-widget-image\" data-id=\"ac98f4e\" data-element_type=\"widget\" data-e-type=\"widget\" data-widget_type=\"image.default\">\n\t\t\t\t\t\t\t\t\t\t\t\t\t\t\t<img fetchpriority=\"high\" decoding=\"async\" width=\"751\" height=\"1001\" src=\"https:\/\/viviendoactivamente.com\/wp-content\/uploads\/2025\/12\/IMG_0578.jpeg\" class=\"attachment-large size-large wp-image-5711\" alt=\"\" \/>\t\t\t\t\t\t\t\t\t\t\t\t\t\t\t<\/div>\n\t\t\t\t<div class=\"elementor-element elementor-element-35a5aee elementor-widget elementor-widget-image\" data-id=\"35a5aee\" data-element_type=\"widget\" data-e-type=\"widget\" data-widget_type=\"image.default\">\n\t\t\t\t\t\t\t\t\t\t\t\t\t\t\t<img decoding=\"async\" width=\"751\" height=\"563\" src=\"https:\/\/viviendoactivamente.com\/wp-content\/uploads\/2025\/12\/IMG_2146.jpeg\" class=\"attachment-large size-large wp-image-5683\" alt=\"\" \/>\t\t\t\t\t\t\t\t\t\t\t\t\t\t\t<\/div>\n\t\t\t\t<div class=\"elementor-element elementor-element-a74a077 elementor-widget elementor-widget-kundaxworkprocesswidget\" data-id=\"a74a077\" data-element_type=\"widget\" data-e-type=\"widget\" data-widget_type=\"kundaxworkprocesswidget.default\">\n\t\t\t\t<div class=\"elementor-widget-container\">\n\t\t\t\t\t<!-----------------------Start Work Process Area-----------------------><div class=\"process-section space-top space-bottom-shape2-plus\"><div class=\"container\"><div class=\"row mb-20 text-center justify-content-center wow fadeInUp\" data-wow-delay=\"0.2s\"><div class=\"col-xl-6 col-lg-7 col-md-8 col-sm-9\"><div class=\"title-area\"><span class=\"sub-title\">Enfocado en bienestar y prop\u00f3sito<\/span><h2 class=\"sec-title\">C\u00f3mo Creamos Experiencias para Nuestros Adultos Mayores\n<\/h2><\/div><\/div><\/div><div class=\"process-area\"><div class=\"row gy-60 justify-content-between\"><!-- Single Item --><div class=\"col-auto process-box wow fadeInUp\" data-wow-delay=\"0.2s\"><div class=\"process-box-body\"><span class=\"process-number\">01<\/span><div class=\"process-content\"><div class=\"process-icon\"><img decoding=\"async\" src=\"https:\/\/wordpress.vecurosoft.com\/knirpse\/wp-content\/uploads\/2023\/03\/process2-1.png\" alt=\"ActivaMente\"><\/div><h5 class=\"process-name\"><a href=\"https:\/\/viviendoactivamente.com\/index.php\/eventos\/\">Descubre Nuestras Actividades\t<\/a><\/h5><\/div><\/div><\/div><!-- Single Item --><div class=\"col-auto process-box wow fadeInUp\" data-wow-delay=\"0.4s\"><div class=\"process-box-body\"><span class=\"process-number\">02<\/span><div class=\"process-content\"><div class=\"process-icon\"><img decoding=\"async\" src=\"https:\/\/wordpress.vecurosoft.com\/knirpse\/wp-content\/uploads\/2023\/03\/process2-2.png\" alt=\"ActivaMente\"><\/div><h5 class=\"process-name\"><a href=\"https:\/\/viviendoactivamente.com\/index.php\/eventos\/\">Reg\u00edstrate o Reserva tu Espacio\t<\/a><\/h5><\/div><\/div><\/div><!-- Single Item --><div class=\"col-auto process-box wow fadeInUp\" data-wow-delay=\"0.6s\"><div class=\"process-box-body\"><span class=\"process-number\">03<\/span><div class=\"process-content\"><div class=\"process-icon\"><img decoding=\"async\" src=\"https:\/\/wordpress.vecurosoft.com\/knirpse\/wp-content\/uploads\/2023\/03\/process2-3.png\" alt=\"ActivaMente\"><\/div><h5 class=\"process-name\"><a href=\"https:\/\/viviendoactivamente.com\/index.php\/eventos\/\">Participa, Conecta y Disfruta\t<\/a><\/h5><\/div><\/div><\/div><!-- Single Item --><div class=\"col-auto process-box wow fadeInUp\" data-wow-delay=\"0.2s\"><div class=\"process-box-body\"><span class=\"process-number\">04<\/span><div class=\"process-content\"><div class=\"process-icon\"><img decoding=\"async\" src=\"https:\/\/wordpress.vecurosoft.com\/knirpse\/wp-content\/uploads\/2023\/03\/process2-4.png\" alt=\"ActivaMente\"><\/div><h5 class=\"process-name\"><a href=\"https:\/\/viviendoactivamente.com\/index.php\/eventos\/\">Vuelve a Vivir Nuevas Experiencias\t<\/a><\/h5><\/div><\/div><\/div><\/div><div class=\"process-line\"><img decoding=\"async\" src=\"https:\/\/wordpress.vecurosoft.com\/knirpse\/wp-content\/uploads\/2023\/03\/dashed-line-1.png\" alt=\"ActivaMente\"><\/div><\/div><\/div><\/div><!-----------------------End Work Process Area----------------------->\t\t\t\t<\/div>\n\t\t\t\t<\/div>\n\t\t\t\t<div class=\"elementor-element elementor-element-a5f8989 elementor-shape-circle elementor-grid-0 e-grid-align-center elementor-widget elementor-widget-social-icons\" data-id=\"a5f8989\" data-element_type=\"widget\" data-e-type=\"widget\" data-widget_type=\"social-icons.default\">\n\t\t\t\t\t\t\t<div class=\"elementor-social-icons-wrapper elementor-grid\" role=\"list\">\n\t\t\t\t\t\t\t<span class=\"elementor-grid-item\" role=\"listitem\">\n\t\t\t\t\t<a class=\"elementor-icon elementor-social-icon elementor-social-icon-whatsapp elementor-repeater-item-d2d70a8\" href=\"https:\/\/wa.me\/13863430574\" target=\"_blank\">\n\t\t\t\t\t\t<span class=\"elementor-screen-only\">Whatsapp<\/span>\n\t\t\t\t\t\t<svg aria-hidden=\"true\" class=\"e-font-icon-svg e-fab-whatsapp\" viewBox=\"0 0 448 512\" xmlns=\"http:\/\/www.w3.org\/2000\/svg\"><path d=\"M380.9 97.1C339 55.1 283.2 32 223.9 32c-122.4 0-222 99.6-222 222 0 39.1 10.2 77.3 29.6 111L0 480l117.7-30.9c32.4 17.7 68.9 27 106.1 27h.1c122.3 0 224.1-99.6 224.1-222 0-59.3-25.2-115-67.1-157zm-157 341.6c-33.2 0-65.7-8.9-94-25.7l-6.7-4-69.8 18.3L72 359.2l-4.4-7c-18.5-29.4-28.2-63.3-28.2-98.2 0-101.7 82.8-184.5 184.6-184.5 49.3 0 95.6 19.2 130.4 54.1 34.8 34.9 56.2 81.2 56.1 130.5 0 101.8-84.9 184.6-186.6 184.6zm101.2-138.2c-5.5-2.8-32.8-16.2-37.9-18-5.1-1.9-8.8-2.8-12.5 2.8-3.7 5.6-14.3 18-17.6 21.8-3.2 3.7-6.5 4.2-12 1.4-32.6-16.3-54-29.1-75.5-66-5.7-9.8 5.7-9.1 16.3-30.3 1.8-3.7.9-6.9-.5-9.7-1.4-2.8-12.5-30.1-17.1-41.2-4.5-10.8-9.1-9.3-12.5-9.5-3.2-.2-6.9-.2-10.6-.2-3.7 0-9.7 1.4-14.8 6.9-5.1 5.6-19.4 19-19.4 46.3 0 27.3 19.9 53.7 22.6 57.4 2.8 3.7 39.1 59.7 94.8 83.8 35.2 15.2 49 16.5 66.6 13.9 10.7-1.6 32.8-13.4 37.4-26.4 4.6-13 4.6-24.1 3.2-26.4-1.3-2.5-5-3.9-10.5-6.6z\"><\/path><\/svg>\t\t\t\t\t<\/a>\n\t\t\t\t<\/span>\n\t\t\t\t\t\t\t<span class=\"elementor-grid-item\" role=\"listitem\">\n\t\t\t\t\t<a class=\"elementor-icon elementor-social-icon elementor-social-icon-facebook elementor-repeater-item-65efbc1\" href=\"https:\/\/www.facebook.com\/viviendoactivamente\" target=\"_blank\">\n\t\t\t\t\t\t<span class=\"elementor-screen-only\">Facebook<\/span>\n\t\t\t\t\t\t<svg aria-hidden=\"true\" class=\"e-font-icon-svg e-fab-facebook\" viewBox=\"0 0 512 512\" xmlns=\"http:\/\/www.w3.org\/2000\/svg\"><path d=\"M504 256C504 119 393 8 256 8S8 119 8 256c0 123.78 90.69 226.38 209.25 245V327.69h-63V256h63v-54.64c0-62.15 37-96.48 93.67-96.48 27.14 0 55.52 4.84 55.52 4.84v61h-31.28c-30.8 0-40.41 19.12-40.41 38.73V256h68.78l-11 71.69h-57.78V501C413.31 482.38 504 379.78 504 256z\"><\/path><\/svg>\t\t\t\t\t<\/a>\n\t\t\t\t<\/span>\n\t\t\t\t\t\t\t<span class=\"elementor-grid-item\" role=\"listitem\">\n\t\t\t\t\t<a class=\"elementor-icon elementor-social-icon elementor-social-icon-instagram elementor-repeater-item-5315660\" href=\"https:\/\/www.instagram.com\/viviendoactivamente\" target=\"_blank\">\n\t\t\t\t\t\t<span class=\"elementor-screen-only\">Instagram<\/span>\n\t\t\t\t\t\t<svg aria-hidden=\"true\" class=\"e-font-icon-svg e-fab-instagram\" viewBox=\"0 0 448 512\" xmlns=\"http:\/\/www.w3.org\/2000\/svg\"><path d=\"M224.1 141c-63.6 0-114.9 51.3-114.9 114.9s51.3 114.9 114.9 114.9S339 319.5 339 255.9 287.7 141 224.1 141zm0 189.6c-41.1 0-74.7-33.5-74.7-74.7s33.5-74.7 74.7-74.7 74.7 33.5 74.7 74.7-33.6 74.7-74.7 74.7zm146.4-194.3c0 14.9-12 26.8-26.8 26.8-14.9 0-26.8-12-26.8-26.8s12-26.8 26.8-26.8 26.8 12 26.8 26.8zm76.1 27.2c-1.7-35.9-9.9-67.7-36.2-93.9-26.2-26.2-58-34.4-93.9-36.2-37-2.1-147.9-2.1-184.9 0-35.8 1.7-67.6 9.9-93.9 36.1s-34.4 58-36.2 93.9c-2.1 37-2.1 147.9 0 184.9 1.7 35.9 9.9 67.7 36.2 93.9s58 34.4 93.9 36.2c37 2.1 147.9 2.1 184.9 0 35.9-1.7 67.7-9.9 93.9-36.2 26.2-26.2 34.4-58 36.2-93.9 2.1-37 2.1-147.8 0-184.8zM398.8 388c-7.8 19.6-22.9 34.7-42.6 42.6-29.5 11.7-99.5 9-132.1 9s-102.7 2.6-132.1-9c-19.6-7.8-34.7-22.9-42.6-42.6-11.7-29.5-9-99.5-9-132.1s-2.6-102.7 9-132.1c7.8-19.6 22.9-34.7 42.6-42.6 29.5-11.7 99.5-9 132.1-9s102.7-2.6 132.1 9c19.6 7.8 34.7 22.9 42.6 42.6 11.7 29.5 9 99.5 9 132.1s2.7 102.7-9 132.1z\"><\/path><\/svg>\t\t\t\t\t<\/a>\n\t\t\t\t<\/span>\n\t\t\t\t\t\t\t<span class=\"elementor-grid-item\" role=\"listitem\">\n\t\t\t\t\t<a class=\"elementor-icon elementor-social-icon elementor-social-icon-youtube elementor-repeater-item-deb197e\" href=\"https:\/\/www.youtube.com\/@viviendoactivamente\" target=\"_blank\">\n\t\t\t\t\t\t<span class=\"elementor-screen-only\">Youtube<\/span>\n\t\t\t\t\t\t<svg aria-hidden=\"true\" class=\"e-font-icon-svg e-fab-youtube\" viewBox=\"0 0 576 512\" xmlns=\"http:\/\/www.w3.org\/2000\/svg\"><path d=\"M549.655 124.083c-6.281-23.65-24.787-42.276-48.284-48.597C458.781 64 288 64 288 64S117.22 64 74.629 75.486c-23.497 6.322-42.003 24.947-48.284 48.597-11.412 42.867-11.412 132.305-11.412 132.305s0 89.438 11.412 132.305c6.281 23.65 24.787 41.5 48.284 47.821C117.22 448 288 448 288 448s170.78 0 213.371-11.486c23.497-6.321 42.003-24.171 48.284-47.821 11.412-42.867 11.412-132.305 11.412-132.305s0-89.438-11.412-132.305zm-317.51 213.508V175.185l142.739 81.205-142.739 81.201z\"><\/path><\/svg>\t\t\t\t\t<\/a>\n\t\t\t\t<\/span>\n\t\t\t\t\t\t\t<span class=\"elementor-grid-item\" role=\"listitem\">\n\t\t\t\t\t<a class=\"elementor-icon elementor-social-icon elementor-social-icon-tiktok elementor-repeater-item-495a6fa\" href=\"https:\/\/www.tiktok.com\/viviendoactivamente\" target=\"_blank\">\n\t\t\t\t\t\t<span class=\"elementor-screen-only\">Tiktok<\/span>\n\t\t\t\t\t\t<svg aria-hidden=\"true\" class=\"e-font-icon-svg e-fab-tiktok\" viewBox=\"0 0 448 512\" xmlns=\"http:\/\/www.w3.org\/2000\/svg\"><path d=\"M448,209.91a210.06,210.06,0,0,1-122.77-39.25V349.38A162.55,162.55,0,1,1,185,188.31V278.2a74.62,74.62,0,1,0,52.23,71.18V0l88,0a121.18,121.18,0,0,0,1.86,22.17h0A122.18,122.18,0,0,0,381,102.39a121.43,121.43,0,0,0,67,20.14Z\"><\/path><\/svg>\t\t\t\t\t<\/a>\n\t\t\t\t<\/span>\n\t\t\t\t\t\t\t<span class=\"elementor-grid-item\" role=\"listitem\">\n\t\t\t\t\t<a class=\"elementor-icon elementor-social-icon elementor-social-icon-x-twitter elementor-repeater-item-8081647\" href=\"https:\/\/www.twitter.com\/viviendoactivamente\" target=\"_blank\">\n\t\t\t\t\t\t<span class=\"elementor-screen-only\">X-twitter<\/span>\n\t\t\t\t\t\t<svg aria-hidden=\"true\" class=\"e-font-icon-svg e-fab-x-twitter\" viewBox=\"0 0 512 512\" xmlns=\"http:\/\/www.w3.org\/2000\/svg\"><path d=\"M389.2 48h70.6L305.6 224.2 487 464H345L233.7 318.6 106.5 464H35.8L200.7 275.5 26.8 48H172.4L272.9 180.9 389.2 48zM364.4 421.8h39.1L151.1 88h-42L364.4 421.8z\"><\/path><\/svg>\t\t\t\t\t<\/a>\n\t\t\t\t<\/span>\n\t\t\t\t\t\t\t<span class=\"elementor-grid-item\" role=\"listitem\">\n\t\t\t\t\t<a class=\"elementor-icon elementor-social-icon elementor-social-icon-linkedin elementor-repeater-item-16299f1\" href=\"https:\/\/www.linkedin.com\/company\/activamentellc\" target=\"_blank\">\n\t\t\t\t\t\t<span class=\"elementor-screen-only\">Linkedin<\/span>\n\t\t\t\t\t\t<svg aria-hidden=\"true\" class=\"e-font-icon-svg e-fab-linkedin\" viewBox=\"0 0 448 512\" xmlns=\"http:\/\/www.w3.org\/2000\/svg\"><path d=\"M416 32H31.9C14.3 32 0 46.5 0 64.3v383.4C0 465.5 14.3 480 31.9 480H416c17.6 0 32-14.5 32-32.3V64.3c0-17.8-14.4-32.3-32-32.3zM135.4 416H69V202.2h66.5V416zm-33.2-243c-21.3 0-38.5-17.3-38.5-38.5S80.9 96 102.2 96c21.2 0 38.5 17.3 38.5 38.5 0 21.3-17.2 38.5-38.5 38.5zm282.1 243h-66.4V312c0-24.8-.5-56.7-34.5-56.7-34.6 0-39.9 27-39.9 54.9V416h-66.4V202.2h63.7v29.2h.9c8.9-16.8 30.6-34.5 62.9-34.5 67.2 0 79.7 44.3 79.7 101.9V416z\"><\/path><\/svg>\t\t\t\t\t<\/a>\n\t\t\t\t<\/span>\n\t\t\t\t\t<\/div>\n\t\t\t\t\t\t<\/div>\n\t\t\t\t<div class=\"elementor-element elementor-element-e24c555 elementor-widget elementor-widget-kundaxcontactinfowidget\" data-id=\"e24c555\" data-element_type=\"widget\" data-e-type=\"widget\" data-widget_type=\"kundaxcontactinfowidget.default\">\n\t\t\t\t<div class=\"elementor-widget-container\">\n\t\t\t\t\t<!-----------------------Start Contact Informations-----------------------><div class=\"contact-info-box\"><h2 class=\"contact-title\">Nuestra Informaci\u00f3n<\/h2><div class=\"info-media\"><div class=\"media-icon\"><img decoding=\"async\" src=\"https:\/\/viviendoactivamente.com\/wp-content\/uploads\/2025\/05\/location.png\" alt=\"location\"  \/><\/div><div class=\"media-body\"><h4 class=\"info-title\">Localidad<\/h4><p class=\"info-text\">Volusia County y Florida Central<\/p><\/div><\/div><div class=\"info-media\"><div class=\"media-icon\"><img decoding=\"async\" src=\"https:\/\/viviendoactivamente.com\/wp-content\/uploads\/2025\/05\/phone.png\" alt=\"phone\"  \/><\/div><div class=\"media-body\"><h4 class=\"info-title\">Ll\u00e1manos:<\/h4><p class=\"info-text\"><a href=\"tel:3863430574\">386-343-0574<\/a> <\/p><\/div><\/div><div class=\"info-media\"><div class=\"media-icon\"><img decoding=\"async\" src=\"https:\/\/viviendoactivamente.com\/wp-content\/uploads\/2025\/05\/email.png\" alt=\"email\"  \/><\/div><div class=\"media-body\"><h4 class=\"info-title\">Correo Electr\u00f3nico:<\/h4><p class=\"info-text\"><a href=\"mailto:info@viviendoactivament.com\">info@viviendoactivament.com<\/a> <\/div><\/div><div class=\"contact-location\"><iframe src=\"https:\/\/www.google.com\/maps?q=Volusia+County,+Florida&#038;z=8&#038;output=embed\" allowfullscreen=\"\" loading=\"lazy\"><\/iframe><\/div><\/div><!-----------------------End Contact Informations----------------------->\t\t\t\t<\/div>\n\t\t\t\t<\/div>\n\t\t\t\t\t<\/div>\n\t\t<\/div>\n\t\t\t\t\t<\/div>\n\t\t<\/section>\n\t\t<div class=\"elementor-element elementor-element-c59f3ec e-flex e-con-boxed e-con e-parent\" data-id=\"c59f3ec\" data-element_type=\"container\" data-e-type=\"container\">\n\t\t\t\t\t<div class=\"e-con-inner\">\n\t\t\t\t\t<\/div>\n\t\t\t\t<\/div>\n\t\t\t\t<\/div>\n\t\t","protected":false},"excerpt":{"rendered":"<p>Sobre Nosotros Actividades para nuestros Jovenes Adultos \u2728Actividades para Nuestros J\u00f3venes Adultos Mayores ActivaMente es una iniciativa comunitaria, cristiana y familiar creada por la Familia Ortiz, con el llamado de servir y honrar a nuestros adultos mayores, en especial a la comunidad hispana y culturalmente diversa de Volusia y Florida Central. Nuestro prop\u00f3sito es brindarles&#8230;<\/p>\n","protected":false},"author":1,"featured_media":0,"parent":0,"menu_order":0,"comment_status":"closed","ping_status":"closed","template":"","meta":{"_monsterinsights_skip_tracking":false,"_monsterinsights_sitenote_active":false,"_monsterinsights_sitenote_note":"","_monsterinsights_sitenote_category":0,"_uf_show_specific_survey":0,"_uf_disable_surveys":false,"footnotes":""},"class_list":["post-596","page","type-page","status-publish","hentry"],"aioseo_notices":[],"jetpack_sharing_enabled":true,"_links":{"self":[{"href":"https:\/\/viviendoactivamente.com\/index.php\/wp-json\/wp\/v2\/pages\/596","targetHints":{"allow":["GET"]}}],"collection":[{"href":"https:\/\/viviendoactivamente.com\/index.php\/wp-json\/wp\/v2\/pages"}],"about":[{"href":"https:\/\/viviendoactivamente.com\/index.php\/wp-json\/wp\/v2\/types\/page"}],"author":[{"embeddable":true,"href":"https:\/\/viviendoactivamente.com\/index.php\/wp-json\/wp\/v2\/users\/1"}],"replies":[{"embeddable":true,"href":"https:\/\/viviendoactivamente.com\/index.php\/wp-json\/wp\/v2\/comments?post=596"}],"version-history":[{"count":131,"href":"https:\/\/viviendoactivamente.com\/index.php\/wp-json\/wp\/v2\/pages\/596\/revisions"}],"predecessor-version":[{"id":5773,"href":"https:\/\/viviendoactivamente.com\/index.php\/wp-json\/wp\/v2\/pages\/596\/revisions\/5773"}],"wp:attachment":[{"href":"https:\/\/viviendoactivamente.com\/index.php\/wp-json\/wp\/v2\/media?parent=596"}],"curies":[{"name":"wp","href":"https:\/\/api.w.org\/{rel}","templated":true}]}}